{"id":27,"date":"2018-12-31T08:41:30","date_gmt":"2018-12-31T08:41:30","guid":{"rendered":"http:\/\/wordpress.nokianenkku.fi\/?page_id=27"},"modified":"2022-08-30T19:45:01","modified_gmt":"2022-08-30T17:45:01","slug":"mika-on-nokian-enkku-ry","status":"publish","type":"page","link":"https:\/\/wordpress.nokianenkku.fi\/","title":{"rendered":"Nokian Enkku Ry"},"content":{"rendered":"\n<p>Yhdistyksemme historia juontaa juurensa vuoteen 1971,  joilloin aloimme j\u00e4rjest\u00e4\u00e4 englanninkielist\u00e4 leikkikerhotoimintaa ja my\u00f6hemmin englanninkielist\u00e4 p\u00e4iv\u00e4hoitoa Nokialla.<\/p>\n\n\n\n<p>Yhdistyksemme toiminta muuttui vuonna 2016, kun Nokian Englanninkielinen P\u00e4iv\u00e4koti myytiin Pilke p\u00e4iv\u00e4kodit Oy:lle. P\u00e4iv\u00e4koti sai uudeksi nimeksi Peppi &amp; Bobby-p\u00e4iv\u00e4koti ja se toimii Vikkulankadulla.<\/p>\n\n\n\n<h4 class=\"wp-block-heading\">Mit\u00e4 teemme nyky\u00e4\u00e4n?<\/h4>\n\n\n\n<p>Yhdistyksemme tavoite on olla mukana Nokian englanninkielisen kasvatuksen eri vaiheissa &#8211; niin p\u00e4iv\u00e4kodeissa kuin kouluissa sek\u00e4 lasten ja nuorten harrastustoiminnassa.<\/p>\n\n\n\n<p>Kev\u00e4\u00e4st\u00e4 2017 alkaen yhdistyksemme alkoi jakaa Nokialaisissa kouluissa englannin kielen stipendej\u00e4. Valintaperiaatteet voivat vaihdella ja hallitus tekee jakop\u00e4\u00e4t\u00f6ksen mahdollisista stipendeist\u00e4 vuosittain.  Valintakriteerit ovat englannin kielen opinnoissa parantaminen tai muuten englannin kielen opinnoissa menestyminen. Stipendin saajavalinta tehd\u00e4\u00e4n kieltenopettajien toimesta.<\/p>\n\n\n\n<p>Kev\u00e4\u00e4st\u00e4 2021 alkaen yhdistys jakaa apurahaa hakemuksesta.<\/p>\n\n\n\n<h4 class=\"wp-block-heading\">Apuraha<\/h4>\n\n\n\n<p>Enkku jakaa apurahaa vuosittain. Tarkemmat tiedot Apuraha -v\u00e4lilehdelt\u00e4.<\/p>\n","protected":false},"excerpt":{"rendered":"<p>Yhdistyksemme historia juontaa juurensa vuoteen 1971, joilloin aloimme j\u00e4rjest\u00e4\u00e4 englanninkielist\u00e4 leikkikerhotoimintaa ja my\u00f6hemmin englanninkielist\u00e4 p\u00e4iv\u00e4hoitoa Nokialla. Yhdistyksemme toiminta muuttui vuonna 2016, kun Nokian Englanninkielinen P\u00e4iv\u00e4koti myytiin Pilke p\u00e4iv\u00e4kodit Oy:lle. P\u00e4iv\u00e4koti sai uudeksi nimeksi Peppi &amp; Bobby-p\u00e4iv\u00e4koti ja se toimii Vikkulankadulla. Mit\u00e4 teemme nyky\u00e4\u00e4n? Yhdistyksemme tavoite on olla mukana Nokian englanninkielisen kasvatuksen eri vaiheissa &#8211; niin &hellip; <\/p>\n<p class=\"link-more\"><a href=\"https:\/\/wordpress.nokianenkku.fi\/\" class=\"more-link\">Jatka lukemista<span class=\"screen-reader-text\"> &#8221;Nokian Enkku Ry&#8221;<\/span><\/a><\/p>\n","protected":false},"author":1,"featured_media":0,"parent":0,"menu_order":0,"comment_status":"closed","ping_status":"closed","template":"","meta":{"footnotes":""},"class_list":["post-27","page","type-page","status-publish","hentry"],"_links":{"self":[{"href":"https:\/\/wordpress.nokianenkku.fi\/index.php?rest_route=\/wp\/v2\/pages\/27","targetHints":{"allow":["GET"]}}],"collection":[{"href":"https:\/\/wordpress.nokianenkku.fi\/index.php?rest_route=\/wp\/v2\/pages"}],"about":[{"href":"https:\/\/wordpress.nokianenkku.fi\/index.php?rest_route=\/wp\/v2\/types\/page"}],"author":[{"embeddable":true,"href":"https:\/\/wordpress.nokianenkku.fi\/index.php?rest_route=\/wp\/v2\/users\/1"}],"replies":[{"embeddable":true,"href":"https:\/\/wordpress.nokianenkku.fi\/index.php?rest_route=%2Fwp%2Fv2%2Fcomments&post=27"}],"version-history":[{"count":23,"href":"https:\/\/wordpress.nokianenkku.fi\/index.php?rest_route=\/wp\/v2\/pages\/27\/revisions"}],"predecessor-version":[{"id":174,"href":"https:\/\/wordpress.nokianenkku.fi\/index.php?rest_route=\/wp\/v2\/pages\/27\/revisions\/174"}],"wp:attachment":[{"href":"https:\/\/wordpress.nokianenkku.fi\/index.php?rest_route=%2Fwp%2Fv2%2Fmedia&parent=27"}],"curies":[{"name":"wp","href":"https:\/\/api.w.org\/{rel}","templated":true}]}}