{"id":201,"date":"2025-09-15T17:31:18","date_gmt":"2025-09-15T15:31:18","guid":{"rendered":"https:\/\/wordpress.nokianenkku.fi\/?page_id=201"},"modified":"2025-10-02T20:13:57","modified_gmt":"2025-10-02T18:13:57","slug":"enkku-tukemassa-autumn-break-in-sarkola","status":"publish","type":"page","link":"https:\/\/wordpress.nokianenkku.fi\/?page_id=201","title":{"rendered":"Enkku tukemassa: Autumn Break in Sarkola"},"content":{"rendered":"\n<p><\/p>\n\n\n\n<figure class=\"wp-block-image size-full is-resized\"><img decoding=\"async\" width=\"150\" height=\"150\" src=\"https:\/\/wordpress.nokianenkku.fi\/wp-content\/uploads\/2025\/09\/image.png\" alt=\"\" class=\"wp-image-204\" style=\"width:222px;height:auto\" srcset=\"https:\/\/wordpress.nokianenkku.fi\/wp-content\/uploads\/2025\/09\/image.png 150w, https:\/\/wordpress.nokianenkku.fi\/wp-content\/uploads\/2025\/09\/image-100x100.png 100w\" sizes=\"(max-width: 150px) 100vw, 150px\" \/><\/figure>\n\n\n\n<p>AUTUMN BREAK &#8211; Let\u2019s be creative together&nbsp;<\/p>\n\n\n\n<p>Autumn Break is coming!&nbsp;<\/p>\n\n\n\n<p>Old school, new friends, good vibes!&nbsp;<\/p>\n\n\n\n<p>Come and spend a creative three day Autumn Break with us in the countryside in Nokia, Sarkola.&nbsp;<\/p>\n\n\n\n<p>We will do crafts and learn photography and chilling in nature. The language of the course will be in English.&nbsp;<\/p>\n\n\n\n<p>Miss\u00e4:&nbsp;<\/p>\n\n\n\n<p>Vahalanden kulttuuritalo&nbsp;<\/p>\n\n\n\n<p>Sarkolantie 476, 37180 Sarkola.<\/p>\n\n\n\n<p>Milloin:<\/p>\n\n\n\n<p>Syyslomaviikolla 2025 (tiistaista 14.10 &#8211; torstaihin 16.10).<\/p>\n\n\n\n<p>Toiminta alkaa p\u00e4ivitt\u00e4in klo 10 ja p\u00e4\u00e4ttyy klo 16. &nbsp;<\/p>\n\n\n\n<p>Toiminta on osallistujille maksutonta.&nbsp;<\/p>\n\n\n\n<p>Olet tervetullut mukaan!&nbsp;<\/p>\n\n\n\n<p>Kenelle:<\/p>\n\n\n\n<p>Nokian alueen yl\u00e4kouluik\u00e4isille nuorille (13-16-vuotiaat).&nbsp;<\/p>\n\n\n\n<p>AUTUMN BREAK &#8211; mit\u00e4 siell\u00e4 tehd\u00e4\u00e4n?&nbsp;<\/p>\n\n\n\n<p>Kolmen p\u00e4iv\u00e4n aikana teemme yhdess\u00e4 hienoja k\u00e4sit\u00f6it\u00e4 ja luovia ja valokuvausharjoituksia. Entisen kyl\u00e4koulun ja nykyisen Vahalanden kulttuuritalon milj\u00f6\u00f6 tarjoaa ryhm\u00e4lle historiallisen hienot puitteet.&nbsp;<\/p>\n\n\n\n<p>Jokainen nuori tekee oman taidehupparin koristellen ja tuunaten sen Mintun ohjauksessa.&nbsp;<\/p>\n\n\n\n<p>P\u00e4ivitt\u00e4in teemme my\u00f6s erilaisia luovia valokuvausharjoituksia Sannamarin kanssa ja kurssin lopuksi pid\u00e4mme n\u00e4yttelyn, jossa hienot hupparit ja valokuvat esitell\u00e4\u00e4n.&nbsp;<\/p>\n\n\n\n<p>Et tarvitse aikaisempaa kokemusta k\u00e4sit\u00f6ist\u00e4 tai valokuvaamisesta. Riitt\u00e4\u00e4, ett\u00e4 haluat oppia ja kokeilla jotain uutta.&nbsp;<\/p>\n\n\n\n<p>Me ohjaajat haluamme, ett\u00e4 yhteisist\u00e4 p\u00e4ivist\u00e4 tulee rentoja ja hauskoja. Kurssin viimeisen\u00e4 p\u00e4iv\u00e4n\u00e4 jokainen saa oman hupparin mukaan ja lempivalokuvan kehystettyn\u00e4 kotiin muistoksi.<\/p>\n\n\n\n<p>Alustava aikataulu tiistaista torstaihin.:&nbsp;<\/p>\n\n\n\n<p>klo 10-12:00 &nbsp;Aamup\u00e4iv\u00e4n toiminta&nbsp;<\/p>\n\n\n\n<p>12-12:45 &nbsp;Lounastauko (Omat ev\u00e4\u00e4t mukaan)&nbsp;<\/p>\n\n\n\n<p>12.45-14:00 Iltap\u00e4iv\u00e4n toiminta&nbsp;<\/p>\n\n\n\n<p>14:00-14.20 &nbsp;Iltap\u00e4iv\u00e4n tauko&nbsp;<\/p>\n\n\n\n<p>14:20-16:00 Iltap\u00e4iv\u00e4n toiminta&nbsp;<\/p>\n\n\n\n<p>Toimintap\u00e4ivien p\u00e4\u00e4tteeksi ohjaajat varmistavat, ett\u00e4 kaikki nuoret saavat kyydin kotiin. &nbsp;<\/p>\n\n\n\n<p>Materiaalit ja v\u00e4lineet:<\/p>\n\n\n\n<p>Tarvitset mukaan oman kameran taikka k\u00e4nnykk\u00e4kameran \u2013 se riitt\u00e4\u00e4.<\/p>\n\n\n\n<p>Hupparit ja koristelutarvikkeet odottavat sinua Vahalanden kulttuuritalolla.<\/p>\n\n\n\n<p>Lounas ja v\u00e4lipalat:&nbsp;<\/p>\n\n\n\n<p>Jokainen osallistuja tuo omat lounasev\u00e4\u00e4t. Kulttuuritalon mikroa saa k\u00e4ytt\u00e4\u00e4. Kurssilaisille tarjotaan terveellisi\u00e4 v\u00e4lipaloja taukojen aikana.&nbsp;<\/p>\n\n\n\n<p>Kyydit Vahalanden kulttuuritalolle<\/p>\n\n\n\n<p>Jokainen osallistuja tulee paikan p\u00e4\u00e4lle omalla kyydill\u00e4. Jos sinun on vaikea j\u00e4rjest\u00e4\u00e4 kyyti\u00e4, voit ilmoittaa siit\u00e4 ilmoittautumisen yhteydess\u00e4, niin katsomme voisimmeko auttaa,&nbsp;<\/p>\n\n\n\n<p>Opetuksen kieli: englanti ja suomi&nbsp;<\/p>\n\n\n\n<p>Ohjaajat puhuvat p\u00e4\u00e4asiallisesti englantia kurssin aikana. Tarkoitus on, ett\u00e4 yhdess\u00e4 opimme puhumaan ja k\u00e4ytt\u00e4m\u00e4\u00e4n englantia arkisissa tilanteissa &#8211; but no pressure &#8211; keskustelut ja kysymykset &nbsp;onnistuvat my\u00f6s suomeksi.&nbsp;<\/p>\n\n\n\n<p>Kurssi j\u00e4rjestet\u00e4\u00e4n Nokian Enkku ry:n apurahan turvin. Tavoitteena on, ett\u00e4 osallistujat p\u00e4\u00e4sev\u00e4t harjoittelemaan ja vahvistamaan omaa englannin kielen taitoa.&nbsp;<\/p>\n\n\n\n<p>Kiinnostuitko?<\/p>\n\n\n\n<p>Olet oikein tervetullut mukaan, toivottavasti tavataan! Let\u2019s have a great Autumn Break!&nbsp;<\/p>\n\n\n\n<p>Voit ilmoittautua \u00a0alla olevalla lomakkeella keskiviikkoon 8.10. menness\u00e4. Ilmoittautuminen on sitova. Olemme sinuun yhteydess\u00e4 tortaina 9.10, jos olet saanut paikan kurssilta. \u00a0<\/p>\n\n\n\n<p><a href=\"https:\/\/forms.gle\/QCwBoKxGrJ9hqQHU7\">https:\/\/forms.gle\/QCwBoKxGrJ9hqQHU7<\/a><\/p>\n\n\n\n<p>Ohjaajat:<\/p>\n\n\n\n<p>Ohjaajina toimivat Minttu ja Sannamari. Minttu vastaa k\u00e4dentaidot-ty\u00f6pajoista ja Sannamari valokuvauksen ohjaamisesta.<\/p>\n\n\n\n<p><a href=\"https:\/\/www.instagram.com\/autumnbreak_vahalanden\">https:\/\/www.instagram.com\/autumnbreak_vahalanden<\/a><\/p>\n\n\n\n<p><\/p>\n\n\n\n<p><\/p>\n","protected":false},"excerpt":{"rendered":"<p>AUTUMN BREAK &#8211; Let\u2019s be creative together&nbsp; Autumn Break is coming!&nbsp; Old school, new friends, good vibes!&nbsp; Come and spend a creative three day Autumn Break with us in the countryside in Nokia, Sarkola.&nbsp; We will do crafts and learn photography and chilling in nature. The language of the course will be in English.&nbsp; Miss\u00e4:&nbsp; &hellip; <\/p>\n<p class=\"link-more\"><a href=\"https:\/\/wordpress.nokianenkku.fi\/?page_id=201\" class=\"more-link\">Jatka lukemista<span class=\"screen-reader-text\"> &#8221;Enkku tukemassa: Autumn Break in Sarkola&#8221;<\/span><\/a><\/p>\n","protected":false},"author":4,"featured_media":0,"parent":0,"menu_order":0,"comment_status":"closed","ping_status":"closed","template":"","meta":{"footnotes":""},"class_list":["post-201","page","type-page","status-publish","hentry"],"_links":{"self":[{"href":"https:\/\/wordpress.nokianenkku.fi\/index.php?rest_route=\/wp\/v2\/pages\/201","targetHints":{"allow":["GET"]}}],"collection":[{"href":"https:\/\/wordpress.nokianenkku.fi\/index.php?rest_route=\/wp\/v2\/pages"}],"about":[{"href":"https:\/\/wordpress.nokianenkku.fi\/index.php?rest_route=\/wp\/v2\/types\/page"}],"author":[{"embeddable":true,"href":"https:\/\/wordpress.nokianenkku.fi\/index.php?rest_route=\/wp\/v2\/users\/4"}],"replies":[{"embeddable":true,"href":"https:\/\/wordpress.nokianenkku.fi\/index.php?rest_route=%2Fwp%2Fv2%2Fcomments&post=201"}],"version-history":[{"count":6,"href":"https:\/\/wordpress.nokianenkku.fi\/index.php?rest_route=\/wp\/v2\/pages\/201\/revisions"}],"predecessor-version":[{"id":211,"href":"https:\/\/wordpress.nokianenkku.fi\/index.php?rest_route=\/wp\/v2\/pages\/201\/revisions\/211"}],"wp:attachment":[{"href":"https:\/\/wordpress.nokianenkku.fi\/index.php?rest_route=%2Fwp%2Fv2%2Fmedia&parent=201"}],"curies":[{"name":"wp","href":"https:\/\/api.w.org\/{rel}","templated":true}]}}