{"id":157,"date":"2021-02-16T09:46:10","date_gmt":"2021-02-16T07:46:10","guid":{"rendered":"http:\/\/wordpress.nokianenkku.fi\/?page_id=157"},"modified":"2025-01-01T22:10:44","modified_gmt":"2025-01-01T20:10:44","slug":"apuraha","status":"publish","type":"page","link":"https:\/\/wordpress.nokianenkku.fi\/?page_id=157","title":{"rendered":"Apuraha"},"content":{"rendered":"\t\t<div data-elementor-type=\"wp-page\" data-elementor-id=\"157\" class=\"elementor elementor-157\">\n\t\t\t\t\t\t<section class=\"elementor-section elementor-top-section elementor-element elementor-element-5edc20fe elementor-section-boxed elementor-section-height-default elementor-section-height-default\" data-id=\"5edc20fe\" data-element_type=\"section\" data-e-type=\"section\">\n\t\t\t\t\t\t<div class=\"elementor-container elementor-column-gap-default\">\n\t\t\t\t\t<div class=\"elementor-column elementor-col-100 elementor-top-column elementor-element elementor-element-6811ed73\" data-id=\"6811ed73\" data-element_type=\"column\" data-e-type=\"column\">\n\t\t\t<div class=\"elementor-widget-wrap elementor-element-populated\">\n\t\t\t\t\t\t<div class=\"elementor-element elementor-element-45ba1c7c elementor-widget elementor-widget-text-editor\" data-id=\"45ba1c7c\" data-element_type=\"widget\" data-e-type=\"widget\" data-widget_type=\"text-editor.default\">\n\t\t\t\t<div class=\"elementor-widget-container\">\n\t\t\t\t\t\t\t\t\t<p><\/p>\n<p>Yhdistyksemme historia juontaa juurensa vuoteen 1971, jolloin Nokialle perustettiin ensimm\u00e4inen englanninkielinen leikkikoulu. 2000-luvulla leikkikoulu muuttui, ajan tarpeita paremmin vastaamaan, englanninkieliseksi p\u00e4iv\u00e4kodiksi. Nyky\u00e4\u00e4n yhdistyksen toimintaa ovat stipendien my\u00f6nt\u00e4minen nokialaisille koululaisille ja opiskelijoille sek\u00e4 kerran vuodessa my\u00f6nnett\u00e4v\u00e4 apuraha.<\/p>\n<p>\u00a0<\/p>\n<p><\/p>\n<p>Yhdistys jakaa apurahaa toimintavuosittain 5000 \u20ac. Apurahan saajasta\/saajista sek\u00e4 m\u00e4\u00e4r\u00e4st\u00e4 p\u00e4\u00e4tt\u00e4\u00e4 Nokian Enkku ry:n hallitus.<\/p>\n<p><\/p>\n<p>Apurahaa voivat hakea nokialaiset yhteis\u00f6t, yhdistykset, kasvatus- ja opetustoimijat (koululuokat ja p\u00e4iv\u00e4kotiryhm\u00e4t) sek\u00e4 seurat.<\/p>\n<p><\/p>\n<p>Apurahaa my\u00f6nnet\u00e4\u00e4n hankkeille, tapahtumille tms, joilla vahvistetaan ja edistet\u00e4\u00e4n nokialaisten lasten ja nuorten englannin kielt\u00e4 ja englanninkieliseen kulttuuriin liittyv\u00e4\u00e4 toimintaa.<\/p>\n<p>\u00a0<\/p>\n<p><\/p>\n<p>Hakemus on vapaamuotoinen. Sen tulee sis\u00e4lt\u00e4\u00e4 apurahan toimintasuunnitelma ja kustannusarvio. Hakemuksen allekirjoitukseen hakijan nimi ja yhteystiedot. P\u00e4\u00e4s\u00e4\u00e4nt\u00f6n\u00e4 on, ett\u00e4 apuraha tulee k\u00e4ytt\u00e4\u00e4 siihen tarkoitukseen kuin se on my\u00f6nnetty.<\/p>\n<p>\u00a0<\/p>\n<p><\/p>\n<p>Hakemukset toimitetaan pj@nokianenkku.fi<\/p>\n<p><\/p>\n<p>\u00a0<\/p>\n<p>Astrid Steurs pj, 040 733 0184\u00a0 \u00a0 \u00a0 \u00a0 \u00a0 \u00a0<\/p>\n<p>Jutta-Mari Andersin-Salenius varapj<\/p>\n<p><\/p>\t\t\t\t\t\t\t\t<\/div>\n\t\t\t\t<\/div>\n\t\t\t\t\t<\/div>\n\t\t<\/div>\n\t\t\t\t\t<\/div>\n\t\t<\/section>\n\t\t\t\t<\/div>\n\t\t","protected":false},"excerpt":{"rendered":"<p>Yhdistyksemme historia juontaa juurensa vuoteen 1971, jolloin Nokialle perustettiin ensimm\u00e4inen englanninkielinen leikkikoulu. 2000-luvulla leikkikoulu muuttui, ajan tarpeita paremmin vastaamaan, englanninkieliseksi p\u00e4iv\u00e4kodiksi. Nyky\u00e4\u00e4n yhdistyksen toimintaa ovat stipendien my\u00f6nt\u00e4minen nokialaisille koululaisille ja opiskelijoille sek\u00e4 kerran vuodessa my\u00f6nnett\u00e4v\u00e4 apuraha. \u00a0 Yhdistys jakaa apurahaa toimintavuosittain 5000 \u20ac. Apurahan saajasta\/saajista sek\u00e4 m\u00e4\u00e4r\u00e4st\u00e4 p\u00e4\u00e4tt\u00e4\u00e4 Nokian Enkku ry:n hallitus. Apurahaa voivat hakea &hellip; <\/p>\n<p class=\"link-more\"><a href=\"https:\/\/wordpress.nokianenkku.fi\/?page_id=157\" class=\"more-link\">Jatka lukemista<span class=\"screen-reader-text\"> &#8221;Apuraha&#8221;<\/span><\/a><\/p>\n","protected":false},"author":4,"featured_media":0,"parent":0,"menu_order":0,"comment_status":"closed","ping_status":"closed","template":"","meta":{"footnotes":""},"class_list":["post-157","page","type-page","status-publish","hentry"],"_links":{"self":[{"href":"https:\/\/wordpress.nokianenkku.fi\/index.php?rest_route=\/wp\/v2\/pages\/157","targetHints":{"allow":["GET"]}}],"collection":[{"href":"https:\/\/wordpress.nokianenkku.fi\/index.php?rest_route=\/wp\/v2\/pages"}],"about":[{"href":"https:\/\/wordpress.nokianenkku.fi\/index.php?rest_route=\/wp\/v2\/types\/page"}],"author":[{"embeddable":true,"href":"https:\/\/wordpress.nokianenkku.fi\/index.php?rest_route=\/wp\/v2\/users\/4"}],"replies":[{"embeddable":true,"href":"https:\/\/wordpress.nokianenkku.fi\/index.php?rest_route=%2Fwp%2Fv2%2Fcomments&post=157"}],"version-history":[{"count":15,"href":"https:\/\/wordpress.nokianenkku.fi\/index.php?rest_route=\/wp\/v2\/pages\/157\/revisions"}],"predecessor-version":[{"id":198,"href":"https:\/\/wordpress.nokianenkku.fi\/index.php?rest_route=\/wp\/v2\/pages\/157\/revisions\/198"}],"wp:attachment":[{"href":"https:\/\/wordpress.nokianenkku.fi\/index.php?rest_route=%2Fwp%2Fv2%2Fmedia&parent=157"}],"curies":[{"name":"wp","href":"https:\/\/api.w.org\/{rel}","templated":true}]}}